{"id":262,"date":"2021-02-24T19:40:25","date_gmt":"2021-02-24T19:40:25","guid":{"rendered":"http:\/\/hno-paderborn.de\/?page_id=262"},"modified":"2025-08-12T16:09:41","modified_gmt":"2025-08-12T16:09:41","slug":"praxis-2","status":"publish","type":"page","link":"http:\/\/hno-paderborn.de\/home\/praxis-2\/","title":{"rendered":"Praxi"},"content":{"rendered":"\n<p><strong>Neue \u00d6ffnungszeiten:<\/strong><\/p>\n\n\n\n<figure class=\"wp-block-table\"><table><tbody><tr><td><strong>Montag<\/strong>:<\/td><td>08:30 &#8211; 11:30 Uhr \/ 15:00 &#8211; 17:30 Uhr<\/td><\/tr><tr><td><strong>Dienstag:<\/strong><\/td><td>08:30 &#8211; 11:30 Uhr \/ 14:00 &#8211; 16:30 Uhr<\/td><\/tr><tr><td><strong>Mittwoch:<\/strong><\/td><td>08:30 &#8211; 11:30 Uhr<\/td><\/tr><tr><td><strong>Donnerstag:<\/strong><\/td><td>08:30 &#8211; 11:30 Uhr \/ 15:00 &#8211; 17:30 Uhr<\/td><\/tr><tr><td><strong>Freitag:<\/strong><\/td><td>08:30 &#8211; 11:30 Uhr <\/td><\/tr><\/tbody><\/table><\/figure>\n\n\n\n<figure class=\"wp-block-table is-style-regular\"><table><tbody><tr><td><strong>Terminvereinbarung:  <\/strong>Ab 08:00 Uhr unter der Rufnummer 0 52 51-222 71<br><strong>Privat und alle Kassen<\/strong><br><br><strong>Wir sprechen Deutsch und Englisch.<\/strong><br>Wir weisen ausdr\u00fccklich darauf hin, dass ohne vorherige Anmeldung nicht vorhersehbare, lange Wartezeiten entstehen k\u00f6nnen.<br>Dies wollen wir m\u00f6glichst vermeiden und bitten Sie daher, sich unter der Rufnummer 0 52 51 \/ 222 71 anzumelden.<br><br><strong>NOTDIENST:<\/strong><br>Au\u00dferhalb der Sprechzeiten, an Feiertagen und an den Wochenenden wird die<br>Versorgung von Notf\u00e4llen \u00fcber eine kostenfreie, zentrale Rufnummer koordiniert:<br><strong>R U F N U M M E R =&gt; &nbsp;116 117<\/strong><\/td><\/tr><\/tbody><\/table><\/figure>\n\n\n\n<p><\/p>\n","protected":false},"excerpt":{"rendered":"<p>Neue \u00d6ffnungszeiten: Montag: 08:30 &#8211; 11:30 Uhr \/ 15:00 &#8211; 17:30 Uhr Dienstag: 08:30 &#8211; 11:30 Uhr \/ 14:00 &#8211; 16:30 Uhr Mittwoch: 08:30 &#8211; 11:30 Uhr Donnerstag: 08:30 &#8211; 11:30 Uhr \/ 15:00 &#8211; 17:30 Uhr Freitag: 08:30 &#8211;<\/p>\n","protected":false},"author":1,"featured_media":0,"parent":0,"menu_order":0,"comment_status":"closed","ping_status":"closed","template":"","meta":{"footnotes":""},"class_list":["post-262","page","type-page","status-publish","hentry"],"_links":{"self":[{"href":"http:\/\/hno-paderborn.de\/home\/wp-json\/wp\/v2\/pages\/262","targetHints":{"allow":["GET"]}}],"collection":[{"href":"http:\/\/hno-paderborn.de\/home\/wp-json\/wp\/v2\/pages"}],"about":[{"href":"http:\/\/hno-paderborn.de\/home\/wp-json\/wp\/v2\/types\/page"}],"author":[{"embeddable":true,"href":"http:\/\/hno-paderborn.de\/home\/wp-json\/wp\/v2\/users\/1"}],"replies":[{"embeddable":true,"href":"http:\/\/hno-paderborn.de\/home\/wp-json\/wp\/v2\/comments?post=262"}],"version-history":[{"count":27,"href":"http:\/\/hno-paderborn.de\/home\/wp-json\/wp\/v2\/pages\/262\/revisions"}],"predecessor-version":[{"id":657,"href":"http:\/\/hno-paderborn.de\/home\/wp-json\/wp\/v2\/pages\/262\/revisions\/657"}],"wp:attachment":[{"href":"http:\/\/hno-paderborn.de\/home\/wp-json\/wp\/v2\/media?parent=262"}],"curies":[{"name":"wp","href":"https:\/\/api.w.org\/{rel}","templated":true}]}}